{"id":800,"date":"2018-02-06T14:25:42","date_gmt":"2018-02-06T14:25:42","guid":{"rendered":"https:\/\/novi.automatikapro.com\/?page_id=800"},"modified":"2022-06-23T17:00:56","modified_gmt":"2022-06-23T17:00:56","slug":"profil-firme","status":"publish","type":"page","link":"https:\/\/novi.automatikapro.com\/en\/profil-firme\/","title":{"rendered":"Profil Firme"},"content":{"rendered":"<div class=\"vc_row wpb_row vc_row-fluid\"><div class=\"wpb_column vc_column_container vc_col-sm-12 sc_layouts_column_icons_position_left\"><div class=\"vc_column-inner\"><div class=\"wpb_wrapper\">\n\t<div class=\"wpb_text_column wpb_content_element\" >\n\t\t<div class=\"wpb_wrapper\">\n\t\t\t<h2>Profil Firme,<\/h2>\n<h4>Automatika Pro in\u017eenjering osnovan je 2009. godine sa velikom \u017eeljom da ostvarimo zacrtani cilj: stvaranje moderne firme \u010dija \u0107e najve\u0107a snaga biti stru\u010dnost uz uslov poslovne korektnosti prema kupcima, dobavlja\u010dima i svim zaposlenim. Jasna vizija i posve\u0107enost poslu doveli su nas do rezultata na koje, za sada, mo\u017eemo biti ponosni. Prethodna godina predstavlja prekretnicu u razvoju Automatika Pro firme. Realizovali smo zna\u010dajan broj kompleksnih projekata iz oblasti automatizacije, tehni\u010dkog obezbje\u0111enja,interneta, kao i niz projekata iz oblasti projektovanja i in\u017einjeringa. Najva\u017enije od svega je to \u0161to smo, uz aktivnosti koje su direktno usmjerene na razvoj i unapre\u0111enje perspektive poslovanja, radili i na razvoju internih procesa i procedura. S tim u vezi, implementirali smo sistem upravljanja kvalitetom prema zahtjevima dana\u0161njih standarda.<\/h4>\n\n\t\t<\/div>\n\t<\/div>\n<div class=\"vc_separator wpb_content_element vc_separator_align_center vc_sep_width_100 vc_sep_dashed vc_sep_pos_align_center vc_separator_no_text vc_sep_color_grey\" ><span class=\"vc_sep_holder vc_sep_holder_l\"><span  class=\"vc_sep_line\"><\/span><\/span><span class=\"vc_sep_holder vc_sep_holder_r\"><span  class=\"vc_sep_line\"><\/span><\/span>\n<\/div><\/div><\/div><\/div><\/div><div data-vc-full-width=\"true\" data-vc-full-width-init=\"false\" class=\"vc_row wpb_row vc_row-fluid vc_custom_1488364044374\"><div class=\"wpb_column vc_column_container vc_col-sm-12 sc_layouts_column_icons_position_left\"><div class=\"vc_column-inner\"><div class=\"wpb_wrapper\"><\/div><\/div><\/div><\/div><div class=\"vc_row-full-width vc_clearfix\"><\/div>","protected":false},"excerpt":{"rendered":"Profil Firme, Automatika Pro in\u017eenjering osnovan je 2009. godine sa velikom \u017eeljom da ostvarimo zacrtani cilj: stvaranje moderne firme \u010dija \u0107e najve\u0107a snaga biti stru\u010dnost uz uslov poslovne korektnosti prema&hellip;","protected":false},"author":1,"featured_media":0,"parent":0,"menu_order":0,"comment_status":"closed","ping_status":"closed","template":"","meta":[],"_links":{"self":[{"href":"https:\/\/novi.automatikapro.com\/en\/wp-json\/wp\/v2\/pages\/800"}],"collection":[{"href":"https:\/\/novi.automatikapro.com\/en\/wp-json\/wp\/v2\/pages"}],"about":[{"href":"https:\/\/novi.automatikapro.com\/en\/wp-json\/wp\/v2\/types\/page"}],"author":[{"embeddable":true,"href":"https:\/\/novi.automatikapro.com\/en\/wp-json\/wp\/v2\/users\/1"}],"replies":[{"embeddable":true,"href":"https:\/\/novi.automatikapro.com\/en\/wp-json\/wp\/v2\/comments?post=800"}],"version-history":[{"count":3,"href":"https:\/\/novi.automatikapro.com\/en\/wp-json\/wp\/v2\/pages\/800\/revisions"}],"predecessor-version":[{"id":1982,"href":"https:\/\/novi.automatikapro.com\/en\/wp-json\/wp\/v2\/pages\/800\/revisions\/1982"}],"wp:attachment":[{"href":"https:\/\/novi.automatikapro.com\/en\/wp-json\/wp\/v2\/media?parent=800"}],"curies":[{"name":"wp","href":"https:\/\/api.w.org\/{rel}","templated":true}]}}