{"id":2165,"date":"2022-07-22T05:44:17","date_gmt":"2022-07-22T05:44:17","guid":{"rendered":"https:\/\/automatikapro.com\/?post_type=product&#038;p=2165"},"modified":"2023-08-01T01:26:33","modified_gmt":"2023-08-01T01:26:33","slug":"acer","status":"publish","type":"product","link":"https:\/\/novi.automatikapro.com\/en\/product\/acer\/","title":{"rendered":"Life ACER"},"content":{"rendered":"<p>Acer je motor vrhunske kvalitete za klizne kapije koji je dizajniran da osigura dugotrajan rad. <span class=\"\">Ovo je posebno izdr\u017eljiva automatizacija, potpomognuta enkoderom koji omogu\u0107uje kori\u0161tenje u iznimno sigurnim uvjetima tokom rada; <\/span>osim toga, cijeli asortiman razvijen je s inovativnom upravlja\u010dkom plo\u010dom Digital Life.<br \/>\n<strong>Odaberite Acer ako \u017eelite ugraditi dugovje\u010dan motor.<\/strong><\/p>\n<p>&nbsp;<\/p>\n<p><img loading=\"lazy\" class=\"alignnone size-medium wp-image-2190\" src=\"https:\/\/automatikapro.com\/wp-content\/uploads\/2022\/11\/automatika-logo-1-300x52.png\" alt=\"\" width=\"300\" height=\"52\" srcset=\"https:\/\/novi.automatikapro.com\/wp-content\/uploads\/2022\/11\/automatika-logo-1-300x52.png 300w, https:\/\/novi.automatikapro.com\/wp-content\/uploads\/2022\/11\/automatika-logo-1-18x3.png 18w, https:\/\/novi.automatikapro.com\/wp-content\/uploads\/2022\/11\/automatika-logo-1.png 344w\" sizes=\"(max-width: 300px) 100vw, 300px\" \/><\/p>","protected":false},"excerpt":{"rendered":"<p>Acer je motor vrhunske kvalitete za klizne kapije koji je dizajniran da osigura dugotrajan rad. Ovo je posebno izdr\u017eljiva automatizacija, potpomognuta enkoderom koji omogu\u0107uje kori\u0161tenje u iznimno sigurnim uvjetima tokom&hellip;<\/p>","protected":false},"featured_media":2392,"template":"","meta":[],"product_cat":[85],"product_tag":[],"_links":{"self":[{"href":"https:\/\/novi.automatikapro.com\/en\/wp-json\/wp\/v2\/product\/2165"}],"collection":[{"href":"https:\/\/novi.automatikapro.com\/en\/wp-json\/wp\/v2\/product"}],"about":[{"href":"https:\/\/novi.automatikapro.com\/en\/wp-json\/wp\/v2\/types\/product"}],"wp:featuredmedia":[{"embeddable":true,"href":"https:\/\/novi.automatikapro.com\/en\/wp-json\/wp\/v2\/media\/2392"}],"wp:attachment":[{"href":"https:\/\/novi.automatikapro.com\/en\/wp-json\/wp\/v2\/media?parent=2165"}],"wp:term":[{"taxonomy":"product_cat","embeddable":true,"href":"https:\/\/novi.automatikapro.com\/en\/wp-json\/wp\/v2\/product_cat?post=2165"},{"taxonomy":"product_tag","embeddable":true,"href":"https:\/\/novi.automatikapro.com\/en\/wp-json\/wp\/v2\/product_tag?post=2165"}],"curies":[{"name":"wp","href":"https:\/\/api.w.org\/{rel}","templated":true}]}}