{"id":2195,"date":"2022-11-11T22:53:09","date_gmt":"2022-11-11T22:53:09","guid":{"rendered":"https:\/\/automatikapro.com\/?post_type=product&#038;p=2195"},"modified":"2022-11-24T16:28:13","modified_gmt":"2022-11-24T16:28:13","slug":"hac-hdw1509t-a-led-0280b-s2","status":"publish","type":"product","link":"https:\/\/novi.automatikapro.com\/en\/product\/hac-hdw1509t-a-led-0280b-s2\/","title":{"rendered":"Dahua HAC-HDW1239T(-A)-LED"},"content":{"rendered":"","protected":false},"excerpt":{"rendered":"<p>\u2022 5 Megapixel ( 2880 x 1620 ) Full-color Starlight , Water-proof EYEBALL DOM CMOS camera, 0.001 Lux\/F1.0, 0 Lux warm light on \u2022 Lens: 2.8mm ugra\u0111en MIKROFON OSD meni, CVI\/CVBS\/AHD\/TVI selekcija \u2022 IR LEDs: 40m, \u2022 WDR,AWB,AGC,BLC,HLC, 3DNR, WDR120dB, IP67, ku\u0107i\u0161te metal , DC12V, 6.4W max. \u2022 Radna temperatura -40~+60 C, Transmission Distance : do 700m via 75-3 coaxial cable, dimenzije \u03c6106mm\u00d793.6mm* odgovaraju\u0107a dozna vodootporna PFA130-E, unutra\u0161nja PFA139, nosa\u010d za stub PFA130-E+ PFA152-E<\/p>\n<p><img loading=\"lazy\" class=\"alignnone size-medium wp-image-2200\" src=\"https:\/\/automatikapro.com\/wp-content\/uploads\/2022\/11\/automatika-logo-2-300x52.png\" alt=\"\" width=\"300\" height=\"52\" srcset=\"https:\/\/novi.automatikapro.com\/wp-content\/uploads\/2022\/11\/automatika-logo-2-300x52.png 300w, https:\/\/novi.automatikapro.com\/wp-content\/uploads\/2022\/11\/automatika-logo-2-18x3.png 18w, https:\/\/novi.automatikapro.com\/wp-content\/uploads\/2022\/11\/automatika-logo-2.png 344w\" sizes=\"(max-width: 300px) 100vw, 300px\" \/><\/p>","protected":false},"featured_media":2204,"template":"","meta":[],"product_cat":[87,26],"product_tag":[],"_links":{"self":[{"href":"https:\/\/novi.automatikapro.com\/en\/wp-json\/wp\/v2\/product\/2195"}],"collection":[{"href":"https:\/\/novi.automatikapro.com\/en\/wp-json\/wp\/v2\/product"}],"about":[{"href":"https:\/\/novi.automatikapro.com\/en\/wp-json\/wp\/v2\/types\/product"}],"wp:featuredmedia":[{"embeddable":true,"href":"https:\/\/novi.automatikapro.com\/en\/wp-json\/wp\/v2\/media\/2204"}],"wp:attachment":[{"href":"https:\/\/novi.automatikapro.com\/en\/wp-json\/wp\/v2\/media?parent=2195"}],"wp:term":[{"taxonomy":"product_cat","embeddable":true,"href":"https:\/\/novi.automatikapro.com\/en\/wp-json\/wp\/v2\/product_cat?post=2195"},{"taxonomy":"product_tag","embeddable":true,"href":"https:\/\/novi.automatikapro.com\/en\/wp-json\/wp\/v2\/product_tag?post=2195"}],"curies":[{"name":"wp","href":"https:\/\/api.w.org\/{rel}","templated":true}]}}