{"id":2205,"date":"2022-11-11T22:57:23","date_gmt":"2022-11-11T22:57:23","guid":{"rendered":"https:\/\/automatikapro.com\/?post_type=product&#038;p=2205"},"modified":"2022-11-24T16:25:37","modified_gmt":"2022-11-24T16:25:37","slug":"dahua-hac-hfw1509tlm-a-led-0360","status":"publish","type":"product","link":"https:\/\/novi.automatikapro.com\/en\/product\/dahua-hac-hfw1509tlm-a-led-0360\/","title":{"rendered":"Dahua HAC-HFW1509TLM-A-LED-0360"},"content":{"rendered":"","protected":false},"excerpt":{"rendered":"<p>\u2022 1\/2.7&#8221; 5 Megapixel ( 2592 x 1944 ) Full-color Starlight, Water-proof BULIT CMOS camera, 0.005Lux\/F1.2, 0Lux White Light on \u2022 Lens: 3.6mm ugra\u0111en MIKROFON OSD meni, CVI\/CVBS\/AHD\/TVI selekcija \u2022 IR LEDs: 40m, \u2022 DWDR,AWB,AGC,BLC,HLC,2D NR, IP67, ku\u0107i\u0161te metal front i nosa\u010d tijelo plastika, DC12V,5W max. \u2022 Radna temperatura -40 ~ +60 C, Transmission Distance : do 700m via 75-3 coaxial cable, dimenzije 198.4mm\u00d780.2mm\u00d776.2mm * odgovaraju\u0107a dozna PFA134, nosa\u010d za stub PFA134+ PFA152-E<\/p>\n<p><img loading=\"lazy\" class=\"alignnone size-medium wp-image-2200\" src=\"https:\/\/automatikapro.com\/wp-content\/uploads\/2022\/11\/automatika-logo-2-300x52.png\" alt=\"\" width=\"300\" height=\"52\" srcset=\"https:\/\/novi.automatikapro.com\/wp-content\/uploads\/2022\/11\/automatika-logo-2-300x52.png 300w, https:\/\/novi.automatikapro.com\/wp-content\/uploads\/2022\/11\/automatika-logo-2-18x3.png 18w, https:\/\/novi.automatikapro.com\/wp-content\/uploads\/2022\/11\/automatika-logo-2.png 344w\" sizes=\"(max-width: 300px) 100vw, 300px\" \/><\/p>","protected":false},"featured_media":2206,"template":"","meta":[],"product_cat":[87,26],"product_tag":[],"_links":{"self":[{"href":"https:\/\/novi.automatikapro.com\/en\/wp-json\/wp\/v2\/product\/2205"}],"collection":[{"href":"https:\/\/novi.automatikapro.com\/en\/wp-json\/wp\/v2\/product"}],"about":[{"href":"https:\/\/novi.automatikapro.com\/en\/wp-json\/wp\/v2\/types\/product"}],"wp:featuredmedia":[{"embeddable":true,"href":"https:\/\/novi.automatikapro.com\/en\/wp-json\/wp\/v2\/media\/2206"}],"wp:attachment":[{"href":"https:\/\/novi.automatikapro.com\/en\/wp-json\/wp\/v2\/media?parent=2205"}],"wp:term":[{"taxonomy":"product_cat","embeddable":true,"href":"https:\/\/novi.automatikapro.com\/en\/wp-json\/wp\/v2\/product_cat?post=2205"},{"taxonomy":"product_tag","embeddable":true,"href":"https:\/\/novi.automatikapro.com\/en\/wp-json\/wp\/v2\/product_tag?post=2205"}],"curies":[{"name":"wp","href":"https:\/\/api.w.org\/{rel}","templated":true}]}}