{"id":2207,"date":"2022-11-11T23:00:28","date_gmt":"2022-11-11T23:00:28","guid":{"rendered":"https:\/\/automatikapro.com\/?post_type=product&#038;p=2207"},"modified":"2022-11-24T16:13:03","modified_gmt":"2022-11-24T16:13:03","slug":"dahua-hac-me1509th-pv-0360b","status":"publish","type":"product","link":"https:\/\/novi.automatikapro.com\/en\/product\/dahua-hac-me1509th-pv-0360b\/","title":{"rendered":"Dahua HAC-ME1509TH-PV"},"content":{"rendered":"","protected":false},"excerpt":{"rendered":"<p>\u2022 1\/2.7&#8221; 5 Megapixel ( 2592 x 1944 ) Full-color , Water-proof BULIT CMOS camera, 0.005 Lux\/F1.2, 0 Lux warm light on \u2022 Lens: 3.6mm, 1ch alarm out, OSD meni, CVI\/CVBS\/AHD\/TVI selekcija \u2022 Ilumination Distance : 40m, DWDR, AWB,AGC,BLC,HLC,2D NR, IP67, ku\u0107i\u0161te metal front i nosa\u010d tijelo plastika, DC12V,7.7W max. \u2022 Radna temperatura -40 ~ +60 C, Transmission Distance : do 700m via 75-3 coaxial cable, dimenzije 240.7 mm \u00d7 \u03a690.7 mm * odgovaraju\u0107a dozna PFA135, PFA130-E (IP67), nosa\u010d za stub PFA130-E + PFA152-E<\/p>\n<p><img loading=\"lazy\" class=\"alignnone size-medium wp-image-2190\" src=\"https:\/\/automatikapro.com\/wp-content\/uploads\/2022\/11\/automatika-logo-1-300x52.png\" alt=\"\" width=\"300\" height=\"52\" srcset=\"https:\/\/novi.automatikapro.com\/wp-content\/uploads\/2022\/11\/automatika-logo-1-300x52.png 300w, https:\/\/novi.automatikapro.com\/wp-content\/uploads\/2022\/11\/automatika-logo-1-18x3.png 18w, https:\/\/novi.automatikapro.com\/wp-content\/uploads\/2022\/11\/automatika-logo-1.png 344w\" sizes=\"(max-width: 300px) 100vw, 300px\" \/><\/p>","protected":false},"featured_media":2210,"template":"","meta":[],"product_cat":[87,26],"product_tag":[],"_links":{"self":[{"href":"https:\/\/novi.automatikapro.com\/en\/wp-json\/wp\/v2\/product\/2207"}],"collection":[{"href":"https:\/\/novi.automatikapro.com\/en\/wp-json\/wp\/v2\/product"}],"about":[{"href":"https:\/\/novi.automatikapro.com\/en\/wp-json\/wp\/v2\/types\/product"}],"wp:featuredmedia":[{"embeddable":true,"href":"https:\/\/novi.automatikapro.com\/en\/wp-json\/wp\/v2\/media\/2210"}],"wp:attachment":[{"href":"https:\/\/novi.automatikapro.com\/en\/wp-json\/wp\/v2\/media?parent=2207"}],"wp:term":[{"taxonomy":"product_cat","embeddable":true,"href":"https:\/\/novi.automatikapro.com\/en\/wp-json\/wp\/v2\/product_cat?post=2207"},{"taxonomy":"product_tag","embeddable":true,"href":"https:\/\/novi.automatikapro.com\/en\/wp-json\/wp\/v2\/product_tag?post=2207"}],"curies":[{"name":"wp","href":"https:\/\/api.w.org\/{rel}","templated":true}]}}