{"id":2212,"date":"2022-11-14T19:30:45","date_gmt":"2022-11-14T19:30:45","guid":{"rendered":"https:\/\/automatikapro.com\/?post_type=product&#038;p=2212"},"modified":"2022-11-14T20:27:03","modified_gmt":"2022-11-14T20:27:03","slug":"dahua-hac-t1a21-0280b-dom","status":"publish","type":"product","link":"https:\/\/novi.automatikapro.com\/en\/product\/dahua-hac-t1a21-0280b-dom\/","title":{"rendered":"Dahua HAC-T1A21"},"content":{"rendered":"<p>\u2022 1\/2.7&#8221; 2 Megapixel 1080P ( 1920 x 1080 ) DOM IR CMOS Dome camera<br \/>\n\u2022 25\/30 fps @ 1080P , ,25\/30\/50\/60fps @ 720P, 0.04Lux @ F2.0 (0Lux IR Led on )<br \/>\n\u2022 Lens: 3.6mm, OSD meni , izbor HD i SD izlaza<br \/>\n\u2022 IR LEDs: 20m, Smart IR,<br \/>\n\u2022 DWDR,Day&amp;Night (ICR),AWB,AGC,BLC,2D-DNR, Plasti\u010dno ku\u0107i\u0161te ,DC12V, 2.3W, Radna temperatura -40 ~ +60\u00b0C, Prenos slike: Do 800m za 1080P via 75-3 coax. kabla, do 300m za 1080P via UTP kabla , dimenzije Fi 85mm\u00d785mm\u00d769mm * odgovaraju\u0107a dozna PFA135, nosa\u010d za stub PFA135 + 152-E.<\/p>\n<p><img loading=\"lazy\" class=\"alignnone size-medium wp-image-2200\" src=\"https:\/\/automatikapro.com\/wp-content\/uploads\/2022\/11\/automatika-logo-2-300x52.png\" alt=\"\" width=\"300\" height=\"52\" srcset=\"https:\/\/novi.automatikapro.com\/wp-content\/uploads\/2022\/11\/automatika-logo-2-300x52.png 300w, https:\/\/novi.automatikapro.com\/wp-content\/uploads\/2022\/11\/automatika-logo-2-18x3.png 18w, https:\/\/novi.automatikapro.com\/wp-content\/uploads\/2022\/11\/automatika-logo-2.png 344w\" sizes=\"(max-width: 300px) 100vw, 300px\" \/><\/p>","protected":false},"excerpt":{"rendered":"<p>\u2022 1\/2.7&#8221; 2 Megapixel 1080P ( 1920 x 1080 ) DOM IR CMOS Dome camera \u2022 25\/30 fps @ 1080P , ,25\/30\/50\/60fps @ 720P, 0.04Lux @ F2.0 (0Lux IR Led&hellip;<\/p>","protected":false},"featured_media":2202,"template":"","meta":[],"product_cat":[88,26],"product_tag":[],"_links":{"self":[{"href":"https:\/\/novi.automatikapro.com\/en\/wp-json\/wp\/v2\/product\/2212"}],"collection":[{"href":"https:\/\/novi.automatikapro.com\/en\/wp-json\/wp\/v2\/product"}],"about":[{"href":"https:\/\/novi.automatikapro.com\/en\/wp-json\/wp\/v2\/types\/product"}],"wp:featuredmedia":[{"embeddable":true,"href":"https:\/\/novi.automatikapro.com\/en\/wp-json\/wp\/v2\/media\/2202"}],"wp:attachment":[{"href":"https:\/\/novi.automatikapro.com\/en\/wp-json\/wp\/v2\/media?parent=2212"}],"wp:term":[{"taxonomy":"product_cat","embeddable":true,"href":"https:\/\/novi.automatikapro.com\/en\/wp-json\/wp\/v2\/product_cat?post=2212"},{"taxonomy":"product_tag","embeddable":true,"href":"https:\/\/novi.automatikapro.com\/en\/wp-json\/wp\/v2\/product_tag?post=2212"}],"curies":[{"name":"wp","href":"https:\/\/api.w.org\/{rel}","templated":true}]}}