{"id":2214,"date":"2022-11-14T19:36:24","date_gmt":"2022-11-14T19:36:24","guid":{"rendered":"https:\/\/automatikapro.com\/?post_type=product&#038;p=2214"},"modified":"2022-11-14T20:27:56","modified_gmt":"2022-11-14T20:27:56","slug":"dahua-hac-hdw1200tlmq-0280b-s5","status":"publish","type":"product","link":"https:\/\/novi.automatikapro.com\/en\/product\/dahua-hac-hdw1200tlmq-0280b-s5\/","title":{"rendered":"Dahua HAC-HDW1200TLMQ(-A)"},"content":{"rendered":"<p>1\/2.7&#8221; 2 Megapixel 1080P ( 1936 x 1097 ) Water-proof Eyeball IR CMOS camera, CVI, TVI, AHD, CVBS 1080P@25\/30fps, 720P@25\/30fps; 0.02Lux\/F1.9,30IRE, 0Lux IR on; 2.8mm fiksni objektiv, Video izlaz: 1X BNC HDCVI &amp; CVBS; Max. IR domet: 30m IR LED 2; DWDR, OSD Menu, control over coax. cable Day\/Night(ICR), AWB, AGC, BLC,HLC, 2D\/NR, smart IR, Electronic defog; DC12V\u00b130% max. 2.9W *IR On); -40~+60 stepeni; IP67, Prenos na udaljenost: \u201ado 800m sa 75-3 koaksialnim kablom; * odgovaraju\u0107a dozna PFA13G, nosa\u010d za stub PFB203W + PFA152-E, zidni nosa\u010d PFB203W<\/p>\n<p><img loading=\"lazy\" class=\"alignnone size-medium wp-image-2200\" src=\"https:\/\/automatikapro.com\/wp-content\/uploads\/2022\/11\/automatika-logo-2-300x52.png\" alt=\"\" width=\"300\" height=\"52\" srcset=\"https:\/\/novi.automatikapro.com\/wp-content\/uploads\/2022\/11\/automatika-logo-2-300x52.png 300w, https:\/\/novi.automatikapro.com\/wp-content\/uploads\/2022\/11\/automatika-logo-2-18x3.png 18w, https:\/\/novi.automatikapro.com\/wp-content\/uploads\/2022\/11\/automatika-logo-2.png 344w\" sizes=\"(max-width: 300px) 100vw, 300px\" \/><\/p>","protected":false},"excerpt":{"rendered":"<p>1\/2.7&#8221; 2 Megapixel 1080P ( 1936 x 1097 ) Water-proof Eyeball IR CMOS camera, CVI, TVI, AHD, CVBS 1080P@25\/30fps, 720P@25\/30fps; 0.02Lux\/F1.9,30IRE, 0Lux IR on; 2.8mm fiksni objektiv, Video izlaz: 1X&hellip;<\/p>","protected":false},"featured_media":2215,"template":"","meta":[],"product_cat":[88,26],"product_tag":[],"_links":{"self":[{"href":"https:\/\/novi.automatikapro.com\/en\/wp-json\/wp\/v2\/product\/2214"}],"collection":[{"href":"https:\/\/novi.automatikapro.com\/en\/wp-json\/wp\/v2\/product"}],"about":[{"href":"https:\/\/novi.automatikapro.com\/en\/wp-json\/wp\/v2\/types\/product"}],"wp:featuredmedia":[{"embeddable":true,"href":"https:\/\/novi.automatikapro.com\/en\/wp-json\/wp\/v2\/media\/2215"}],"wp:attachment":[{"href":"https:\/\/novi.automatikapro.com\/en\/wp-json\/wp\/v2\/media?parent=2214"}],"wp:term":[{"taxonomy":"product_cat","embeddable":true,"href":"https:\/\/novi.automatikapro.com\/en\/wp-json\/wp\/v2\/product_cat?post=2214"},{"taxonomy":"product_tag","embeddable":true,"href":"https:\/\/novi.automatikapro.com\/en\/wp-json\/wp\/v2\/product_tag?post=2214"}],"curies":[{"name":"wp","href":"https:\/\/api.w.org\/{rel}","templated":true}]}}