{"id":2224,"date":"2022-11-14T19:50:31","date_gmt":"2022-11-14T19:50:31","guid":{"rendered":"https:\/\/automatikapro.com\/?post_type=product&#038;p=2224"},"modified":"2022-11-14T20:31:13","modified_gmt":"2022-11-14T20:31:13","slug":"dahua-hac-hdw1200t-z","status":"publish","type":"product","link":"https:\/\/novi.automatikapro.com\/en\/product\/dahua-hac-hdw1200t-z\/","title":{"rendered":"Dahua HAC-HDW1200T-Z"},"content":{"rendered":"<p>\u2022 1\/2.7&#8221; 2 Megapixel 1080P ( 1920 x 1088 ) DOM IR CMOS Dome camera \u2022 25\/30 fps @ 1080P , 0.02Lux @ F1.8 30IRE(0Lux IR Led on ) \u2022 WDR: DWDR \u2022 Lens: 2.7-12mm motorizovani zoom \u2022 IR LED: 60m, Smarts 2 LED IR \u2022 Day&amp;Night (ICR) \u2022 S\/N: 65 dB \u2022 AWB,AGC,BLC \u2022 Ugao: H: 105.9~33.4\u00ba \u2022 Redukcija \u0161uma: 2D \u2022 OSD meni \u2022 Za\u0161tita: IP67 \u2022 DC12V\/ 6.9W (IR on) \u2022 Radna temperatura: -30 ~ +60 \u00b0C \u2022 Daljina prenosa : preko 500m putem 75-3 koaksijalnog kabla \u2022 dimenzije: \u00d8 122mm x 104mm \u2022 Ku\u0107i\u0161te: aluminijum \u2022 Video izlaz: HD\/SD -selekcija pljen * odgovaraju\u0107a dozna PFA130-E, nosa\u010d za stub PFB203W + 152-E, zidni nosa\u010d PFB203W<\/p>\n<p><img loading=\"lazy\" class=\"alignnone size-medium wp-image-2200\" src=\"https:\/\/automatikapro.com\/wp-content\/uploads\/2022\/11\/automatika-logo-2-300x52.png\" alt=\"\" width=\"300\" height=\"52\" srcset=\"https:\/\/novi.automatikapro.com\/wp-content\/uploads\/2022\/11\/automatika-logo-2-300x52.png 300w, https:\/\/novi.automatikapro.com\/wp-content\/uploads\/2022\/11\/automatika-logo-2-18x3.png 18w, https:\/\/novi.automatikapro.com\/wp-content\/uploads\/2022\/11\/automatika-logo-2.png 344w\" sizes=\"(max-width: 300px) 100vw, 300px\" \/><\/p>","protected":false},"excerpt":{"rendered":"<p>\u2022 1\/2.7&#8221; 2 Megapixel 1080P ( 1920 x 1088 ) DOM IR CMOS Dome camera \u2022 25\/30 fps @ 1080P , 0.02Lux @ F1.8 30IRE(0Lux IR Led on ) \u2022&hellip;<\/p>","protected":false},"featured_media":2225,"template":"","meta":[],"product_cat":[88,26],"product_tag":[],"_links":{"self":[{"href":"https:\/\/novi.automatikapro.com\/en\/wp-json\/wp\/v2\/product\/2224"}],"collection":[{"href":"https:\/\/novi.automatikapro.com\/en\/wp-json\/wp\/v2\/product"}],"about":[{"href":"https:\/\/novi.automatikapro.com\/en\/wp-json\/wp\/v2\/types\/product"}],"wp:featuredmedia":[{"embeddable":true,"href":"https:\/\/novi.automatikapro.com\/en\/wp-json\/wp\/v2\/media\/2225"}],"wp:attachment":[{"href":"https:\/\/novi.automatikapro.com\/en\/wp-json\/wp\/v2\/media?parent=2224"}],"wp:term":[{"taxonomy":"product_cat","embeddable":true,"href":"https:\/\/novi.automatikapro.com\/en\/wp-json\/wp\/v2\/product_cat?post=2224"},{"taxonomy":"product_tag","embeddable":true,"href":"https:\/\/novi.automatikapro.com\/en\/wp-json\/wp\/v2\/product_tag?post=2224"}],"curies":[{"name":"wp","href":"https:\/\/api.w.org\/{rel}","templated":true}]}}