{"id":2227,"date":"2022-11-14T19:52:42","date_gmt":"2022-11-14T19:52:42","guid":{"rendered":"https:\/\/automatikapro.com\/?post_type=product&#038;p=2227"},"modified":"2022-11-14T20:30:03","modified_gmt":"2022-11-14T20:30:03","slug":"dahua-hac-hfw1200c-0280b","status":"publish","type":"product","link":"https:\/\/novi.automatikapro.com\/en\/product\/dahua-hac-hfw1200c-0280b\/","title":{"rendered":"Dahua HAC-HFW1200C(-A)"},"content":{"rendered":"<p>\u2022 1\/2.7&#8221; 2 Megapixel 1080P ( 1920 x 1080 ) Water-proof IR BULIT CMOS camera \u2022 25\/30 fps @ 1080P , 25\/30 \/50\/60fps @ 720P 0.02Lux @ F1.9 (0Lux IR Led on ) \u2022 Lens: 2.8mm ,OSD meni, HD i SD selekcija<br \/>\n\u2022 IR LEDs: 30m, Smart IR, \u2022 DWDR, Day&amp;Night (ICR),AWB,AGC,BLC,2D\/3D-DNR, IP67, DC12V, 2.7W , Radna temperatura -40 ~ +60 C, Transmission Distance : Over 800m via 75-3 coaxial cable, dimenzije 161.3mm\u00d769.7mm\u00d770.0mm, plasti\u010dno ku\u0107i\u0161te * odgovaraju\u0107a dozna PFA134, nosa\u010d za stub PFA134 + 152-E<\/p>\n<p><img loading=\"lazy\" class=\"alignnone size-medium wp-image-2200\" src=\"https:\/\/automatikapro.com\/wp-content\/uploads\/2022\/11\/automatika-logo-2-300x52.png\" alt=\"\" width=\"300\" height=\"52\" srcset=\"https:\/\/novi.automatikapro.com\/wp-content\/uploads\/2022\/11\/automatika-logo-2-300x52.png 300w, https:\/\/novi.automatikapro.com\/wp-content\/uploads\/2022\/11\/automatika-logo-2-18x3.png 18w, https:\/\/novi.automatikapro.com\/wp-content\/uploads\/2022\/11\/automatika-logo-2.png 344w\" sizes=\"(max-width: 300px) 100vw, 300px\" \/><\/p>","protected":false},"excerpt":{"rendered":"<p>\u2022 1\/2.7&#8221; 2 Megapixel 1080P ( 1920 x 1080 ) Water-proof IR BULIT CMOS camera \u2022 25\/30 fps @ 1080P , 25\/30 \/50\/60fps @ 720P 0.02Lux @ F1.9 (0Lux IR&hellip;<\/p>","protected":false},"featured_media":2228,"template":"","meta":[],"product_cat":[88,26],"product_tag":[],"_links":{"self":[{"href":"https:\/\/novi.automatikapro.com\/en\/wp-json\/wp\/v2\/product\/2227"}],"collection":[{"href":"https:\/\/novi.automatikapro.com\/en\/wp-json\/wp\/v2\/product"}],"about":[{"href":"https:\/\/novi.automatikapro.com\/en\/wp-json\/wp\/v2\/types\/product"}],"wp:featuredmedia":[{"embeddable":true,"href":"https:\/\/novi.automatikapro.com\/en\/wp-json\/wp\/v2\/media\/2228"}],"wp:attachment":[{"href":"https:\/\/novi.automatikapro.com\/en\/wp-json\/wp\/v2\/media?parent=2227"}],"wp:term":[{"taxonomy":"product_cat","embeddable":true,"href":"https:\/\/novi.automatikapro.com\/en\/wp-json\/wp\/v2\/product_cat?post=2227"},{"taxonomy":"product_tag","embeddable":true,"href":"https:\/\/novi.automatikapro.com\/en\/wp-json\/wp\/v2\/product_tag?post=2227"}],"curies":[{"name":"wp","href":"https:\/\/api.w.org\/{rel}","templated":true}]}}