{"id":2230,"date":"2022-11-14T19:54:42","date_gmt":"2022-11-14T19:54:42","guid":{"rendered":"https:\/\/automatikapro.com\/?post_type=product&#038;p=2230"},"modified":"2022-11-14T20:59:01","modified_gmt":"2022-11-14T20:59:01","slug":"dahua-hac-b2a21-0360b","status":"publish","type":"product","link":"https:\/\/novi.automatikapro.com\/en\/product\/dahua-hac-b2a21-0360b\/","title":{"rendered":"Dahua HAC-B2A21"},"content":{"rendered":"<p>\u2022 1\/2.7&#8221; 2 Megapixel 1080P ( 1930 x 1080 ) Water-proof IR BULIT CMOS camera \u2022 25\/30 fps @ 1080P , 0.04Lux @ F1.85 (0Lux IR Led on ) \u2022 Lens: 3.6mm ,OSD meni, HD i SD selekcija \u2022 IR LEDs: 20m, Smart IR, \u2022 DWDR, Day&amp;Night (ICR),AWB,AGC,BLC,2D, IP67, DC12V, 2.7W , Radna temperatura -40 ~ +60 C, Transmission Distance : 800m via 75-3 coaxial cable, dimenzije 69.8mm\u00d769.8mm\u00d7157.6mm, aluminijum ku\u0107i\u0161te * odgovaraju\u0107a dozna PFA134, nosa\u010d za stub PFA134 + 152-E<\/p>\n<p><img loading=\"lazy\" class=\"alignnone size-medium wp-image-2190\" src=\"https:\/\/automatikapro.com\/wp-content\/uploads\/2022\/11\/automatika-logo-1-300x52.png\" alt=\"\" width=\"300\" height=\"52\" srcset=\"https:\/\/novi.automatikapro.com\/wp-content\/uploads\/2022\/11\/automatika-logo-1-300x52.png 300w, https:\/\/novi.automatikapro.com\/wp-content\/uploads\/2022\/11\/automatika-logo-1-18x3.png 18w, https:\/\/novi.automatikapro.com\/wp-content\/uploads\/2022\/11\/automatika-logo-1.png 344w\" sizes=\"(max-width: 300px) 100vw, 300px\" \/><\/p>","protected":false},"excerpt":{"rendered":"<p>\u2022 1\/2.7&#8221; 2 Megapixel 1080P ( 1930 x 1080 ) Water-proof IR BULIT CMOS camera \u2022 25\/30 fps @ 1080P , 0.04Lux @ F1.85 (0Lux IR Led on ) \u2022&hellip;<\/p>","protected":false},"featured_media":2231,"template":"","meta":[],"product_cat":[88,26],"product_tag":[],"_links":{"self":[{"href":"https:\/\/novi.automatikapro.com\/en\/wp-json\/wp\/v2\/product\/2230"}],"collection":[{"href":"https:\/\/novi.automatikapro.com\/en\/wp-json\/wp\/v2\/product"}],"about":[{"href":"https:\/\/novi.automatikapro.com\/en\/wp-json\/wp\/v2\/types\/product"}],"wp:featuredmedia":[{"embeddable":true,"href":"https:\/\/novi.automatikapro.com\/en\/wp-json\/wp\/v2\/media\/2231"}],"wp:attachment":[{"href":"https:\/\/novi.automatikapro.com\/en\/wp-json\/wp\/v2\/media?parent=2230"}],"wp:term":[{"taxonomy":"product_cat","embeddable":true,"href":"https:\/\/novi.automatikapro.com\/en\/wp-json\/wp\/v2\/product_cat?post=2230"},{"taxonomy":"product_tag","embeddable":true,"href":"https:\/\/novi.automatikapro.com\/en\/wp-json\/wp\/v2\/product_tag?post=2230"}],"curies":[{"name":"wp","href":"https:\/\/api.w.org\/{rel}","templated":true}]}}