{"id":2234,"date":"2022-11-14T20:00:49","date_gmt":"2022-11-14T20:00:49","guid":{"rendered":"https:\/\/automatikapro.com\/?post_type=product&#038;p=2234"},"modified":"2022-11-14T20:32:40","modified_gmt":"2022-11-14T20:32:40","slug":"dahua-hac-hfw1200tl-a","status":"publish","type":"product","link":"https:\/\/novi.automatikapro.com\/en\/product\/dahua-hac-hfw1200tl-a\/","title":{"rendered":"Dahua HAC-HFW1200TL-A"},"content":{"rendered":"<p>\u2022 1\/2.7&#8221; 2 Megapixel 1080P ( 1920 x 1080 ) Water-proof IR BULIT CMOS camera \u2022 25\/30 fps @ 1080P , 0.02Lux @ F1.85 (0Lux IR Led on ) \u2022 Lens: 2.8mm ugra\u0111en MIKROFON OSD meni, HD i SD selekcija \u2022 IR LEDs: 80m, Smart IR, \u2022 DWDR, Day&amp;Night (ICR),AWB,AGC,BLC,2D, IP67, metalno ku\u0107i\u0161te DC12V,3.6W Radna temperatura -40 ~ +60 C, Transmission Distance : do 800m via 75-3 coaxial cable, dimenzije Fi 176mm\u00d772.4mm\u00d772.5mm * odgovaraju\u0107a dozna PFA134\/130, nosa\u010d za stub PFA134\/130 + PFA152-E<\/p>\n<p><img loading=\"lazy\" class=\"alignnone size-medium wp-image-2190\" src=\"https:\/\/automatikapro.com\/wp-content\/uploads\/2022\/11\/automatika-logo-1-300x52.png\" alt=\"\" width=\"300\" height=\"52\" srcset=\"https:\/\/novi.automatikapro.com\/wp-content\/uploads\/2022\/11\/automatika-logo-1-300x52.png 300w, https:\/\/novi.automatikapro.com\/wp-content\/uploads\/2022\/11\/automatika-logo-1-18x3.png 18w, https:\/\/novi.automatikapro.com\/wp-content\/uploads\/2022\/11\/automatika-logo-1.png 344w\" sizes=\"(max-width: 300px) 100vw, 300px\" \/><\/p>","protected":false},"excerpt":{"rendered":"<p>\u2022 1\/2.7&#8221; 2 Megapixel 1080P ( 1920 x 1080 ) Water-proof IR BULIT CMOS camera \u2022 25\/30 fps @ 1080P , 0.02Lux @ F1.85 (0Lux IR Led on ) \u2022&hellip;<\/p>","protected":false},"featured_media":2235,"template":"","meta":[],"product_cat":[88,26],"product_tag":[],"_links":{"self":[{"href":"https:\/\/novi.automatikapro.com\/en\/wp-json\/wp\/v2\/product\/2234"}],"collection":[{"href":"https:\/\/novi.automatikapro.com\/en\/wp-json\/wp\/v2\/product"}],"about":[{"href":"https:\/\/novi.automatikapro.com\/en\/wp-json\/wp\/v2\/types\/product"}],"wp:featuredmedia":[{"embeddable":true,"href":"https:\/\/novi.automatikapro.com\/en\/wp-json\/wp\/v2\/media\/2235"}],"wp:attachment":[{"href":"https:\/\/novi.automatikapro.com\/en\/wp-json\/wp\/v2\/media?parent=2234"}],"wp:term":[{"taxonomy":"product_cat","embeddable":true,"href":"https:\/\/novi.automatikapro.com\/en\/wp-json\/wp\/v2\/product_cat?post=2234"},{"taxonomy":"product_tag","embeddable":true,"href":"https:\/\/novi.automatikapro.com\/en\/wp-json\/wp\/v2\/product_tag?post=2234"}],"curies":[{"name":"wp","href":"https:\/\/api.w.org\/{rel}","templated":true}]}}