{"id":2237,"date":"2022-11-14T20:04:27","date_gmt":"2022-11-14T20:04:27","guid":{"rendered":"https:\/\/automatikapro.com\/?post_type=product&#038;p=2237"},"modified":"2022-11-14T20:33:33","modified_gmt":"2022-11-14T20:33:33","slug":"dahua-hac-b3a21-z","status":"publish","type":"product","link":"https:\/\/novi.automatikapro.com\/en\/product\/dahua-hac-b3a21-z\/","title":{"rendered":"Dahua HAC-B3A21-Z"},"content":{"rendered":"<p>\u2022 1\/2.7&#8221; 2 Megapixel 1080P ( 1920 x 1080 ) bulet IR camera \u2022 25\/30 fps @ 1080P , 0.04Lux @ F1.8 30IRE(0Lux IR Led on ) \u2022 DWDR \u2022 Lens: 2.7-12mm motorizovani objektiv \u2022 IR LED: 40m, Smart 2 LED IR \u2022 Day&amp;Night (ICR) \u2022 AWB,AGC,BLC \u2022 Ugao: H: 106~33\u00ba \u2022 Redukcija \u0161uma: 2D \u2022 OSD meni \u2022 Za\u0161tita: IP67 \u2022 DC12V\/ 4.6W (IR on) \u2022 Radna temperatura: -30 ~ +60 \u00b0C \u2022 Daljina prenosa : preko 700m putem 75-3 koaksijalnog kabla \u2022 dimenzije: 209.8mm\u00d790.4mm\u00d790.4mm \u2022 Ku\u0107i\u0161te: plastika \u2022 Video izlaz: HD\/SD -selekcija pljen * odgovaraju\u0107a baza PFA130-E, nosa\u010d za stub PFA130-E + PFA152-E, nosa\u010d za ugao PFA130-E + PFA151<\/p>\n<p><img loading=\"lazy\" class=\"alignnone size-medium wp-image-2200\" src=\"https:\/\/automatikapro.com\/wp-content\/uploads\/2022\/11\/automatika-logo-2-300x52.png\" alt=\"\" width=\"300\" height=\"52\" srcset=\"https:\/\/novi.automatikapro.com\/wp-content\/uploads\/2022\/11\/automatika-logo-2-300x52.png 300w, https:\/\/novi.automatikapro.com\/wp-content\/uploads\/2022\/11\/automatika-logo-2-18x3.png 18w, https:\/\/novi.automatikapro.com\/wp-content\/uploads\/2022\/11\/automatika-logo-2.png 344w\" sizes=\"(max-width: 300px) 100vw, 300px\" \/><\/p>","protected":false},"excerpt":{"rendered":"<p>\u2022 1\/2.7&#8221; 2 Megapixel 1080P ( 1920 x 1080 ) bulet IR camera \u2022 25\/30 fps @ 1080P , 0.04Lux @ F1.8 30IRE(0Lux IR Led on ) \u2022 DWDR \u2022&hellip;<\/p>","protected":false},"featured_media":2238,"template":"","meta":[],"product_cat":[88,26],"product_tag":[],"_links":{"self":[{"href":"https:\/\/novi.automatikapro.com\/en\/wp-json\/wp\/v2\/product\/2237"}],"collection":[{"href":"https:\/\/novi.automatikapro.com\/en\/wp-json\/wp\/v2\/product"}],"about":[{"href":"https:\/\/novi.automatikapro.com\/en\/wp-json\/wp\/v2\/types\/product"}],"wp:featuredmedia":[{"embeddable":true,"href":"https:\/\/novi.automatikapro.com\/en\/wp-json\/wp\/v2\/media\/2238"}],"wp:attachment":[{"href":"https:\/\/novi.automatikapro.com\/en\/wp-json\/wp\/v2\/media?parent=2237"}],"wp:term":[{"taxonomy":"product_cat","embeddable":true,"href":"https:\/\/novi.automatikapro.com\/en\/wp-json\/wp\/v2\/product_cat?post=2237"},{"taxonomy":"product_tag","embeddable":true,"href":"https:\/\/novi.automatikapro.com\/en\/wp-json\/wp\/v2\/product_tag?post=2237"}],"curies":[{"name":"wp","href":"https:\/\/api.w.org\/{rel}","templated":true}]}}