{"id":2254,"date":"2022-11-14T20:49:35","date_gmt":"2022-11-14T20:49:35","guid":{"rendered":"https:\/\/automatikapro.com\/?post_type=product&#038;p=2254"},"modified":"2022-11-24T16:48:35","modified_gmt":"2022-11-24T16:48:35","slug":"hac-hdw1500trq-a","status":"publish","type":"product","link":"https:\/\/novi.automatikapro.com\/en\/product\/hac-hdw1500trq-a\/","title":{"rendered":"Dahua HAC-HDW1500TRQ(A)"},"content":{"rendered":"<p>HAC-HDW1500TRQ-0280B-S2<br \/>\nDOM 5MP UNUTRA\u0160NJA IR kamera \u2022 senzor 1\/2.7 CMOS \u2022 Rezolucija:2880 (H)\u00d71620 (V), 25 fps @5MP, Min. osvjetljenost: 0.005Lux\/F1.6, 0Lux IR on\u2022 Pametni IR: domet do 25m \u2022 Fiksni iris \u2022 OPTIKA 2.8mm \u2022 Video izlaz: 1 x BNC CVI\/TVI\/AHD\/CVBS \u2022 Dan\/ No\u0107: Auto (ICR) \/ manual \u2022 OSD meni \u2022 BLC\/HLC\/ DWDR \u2022 Redukcija \u0161uma: 2D \u2022Napajanje: DC12V \u2022 Potro\u0161nja: maks. 3W \u2022 Radni temp. opseg : -40\u00b0C ~ +50\u00b0C \u2022 ku\u0107i\u0161tr plasti\u010dno IP 50 samo za uutra\u0161nju monta\u017eu \u2022 dgovaraju\u0107a baza PFA12A<\/p>\n<p><img loading=\"lazy\" class=\"alignnone size-medium wp-image-2200\" src=\"https:\/\/automatikapro.com\/wp-content\/uploads\/2022\/11\/automatika-logo-2-300x52.png\" alt=\"\" width=\"300\" height=\"52\" srcset=\"https:\/\/novi.automatikapro.com\/wp-content\/uploads\/2022\/11\/automatika-logo-2-300x52.png 300w, https:\/\/novi.automatikapro.com\/wp-content\/uploads\/2022\/11\/automatika-logo-2-18x3.png 18w, https:\/\/novi.automatikapro.com\/wp-content\/uploads\/2022\/11\/automatika-logo-2.png 344w\" sizes=\"(max-width: 300px) 100vw, 300px\" \/><\/p>","protected":false},"excerpt":{"rendered":"<p>HAC-HDW1500TRQ-0280B-S2 DOM 5MP UNUTRA\u0160NJA IR kamera \u2022 senzor 1\/2.7 CMOS \u2022 Rezolucija:2880 (H)\u00d71620 (V), 25 fps @5MP, Min. osvjetljenost: 0.005Lux\/F1.6, 0Lux IR on\u2022 Pametni IR: domet do 25m \u2022 Fiksni&hellip;<\/p>","protected":false},"featured_media":2255,"template":"","meta":[],"product_cat":[26],"product_tag":[],"_links":{"self":[{"href":"https:\/\/novi.automatikapro.com\/en\/wp-json\/wp\/v2\/product\/2254"}],"collection":[{"href":"https:\/\/novi.automatikapro.com\/en\/wp-json\/wp\/v2\/product"}],"about":[{"href":"https:\/\/novi.automatikapro.com\/en\/wp-json\/wp\/v2\/types\/product"}],"wp:featuredmedia":[{"embeddable":true,"href":"https:\/\/novi.automatikapro.com\/en\/wp-json\/wp\/v2\/media\/2255"}],"wp:attachment":[{"href":"https:\/\/novi.automatikapro.com\/en\/wp-json\/wp\/v2\/media?parent=2254"}],"wp:term":[{"taxonomy":"product_cat","embeddable":true,"href":"https:\/\/novi.automatikapro.com\/en\/wp-json\/wp\/v2\/product_cat?post=2254"},{"taxonomy":"product_tag","embeddable":true,"href":"https:\/\/novi.automatikapro.com\/en\/wp-json\/wp\/v2\/product_tag?post=2254"}],"curies":[{"name":"wp","href":"https:\/\/api.w.org\/{rel}","templated":true}]}}