{"id":2269,"date":"2022-11-14T21:01:25","date_gmt":"2022-11-14T21:01:25","guid":{"rendered":"https:\/\/automatikapro.com\/?post_type=product&#038;p=2269"},"modified":"2022-11-24T16:41:14","modified_gmt":"2022-11-24T16:41:14","slug":"dahua-hac-hfw1500t-a","status":"publish","type":"product","link":"https:\/\/novi.automatikapro.com\/en\/product\/dahua-hac-hfw1500t-a\/","title":{"rendered":"Dahua HAC-HFW1500T-A"},"content":{"rendered":"<p>\u2022 1\/2.7&#8221; 5 Megapixel ( 2592 x 1944 ) Water-proof BULIT IR CMOS camera \u2022 20 fps @ 5Mpix, 25\/30fps @ 4Mpix,25\/30fps&amp; 1080P, 0.02Lux @ F1.85 ,30IRE(0Lux IR Led on ) \u2022 Lens: 2.8mm, ugra\u0111en MIKROFON, OSD meni , izbor HD i SD izlaza \u2022 IR LEDs:30m,Smart IR, \u2022 DWDR,Day&amp;Night (ICR),AWB,AGC,BLC,HLC,2D-DNR, IP67 metalno ku\u0107i\u0161te ,DC12V, 3.7W Radna temperatura -40 ~ +60 C, Transmission Distance : do 700m via 75-3 coaxial cable, dimenzije Fi 176mm\u00d772.4mm\u00d772.5mm * odgovaraju\u0107a dozna PFA134, nosa\u010d za stub PFA134 + 152-E<\/p>\n<p><img loading=\"lazy\" class=\"alignnone size-medium wp-image-2200\" src=\"https:\/\/automatikapro.com\/wp-content\/uploads\/2022\/11\/automatika-logo-2-300x52.png\" alt=\"\" width=\"300\" height=\"52\" srcset=\"https:\/\/novi.automatikapro.com\/wp-content\/uploads\/2022\/11\/automatika-logo-2-300x52.png 300w, https:\/\/novi.automatikapro.com\/wp-content\/uploads\/2022\/11\/automatika-logo-2-18x3.png 18w, https:\/\/novi.automatikapro.com\/wp-content\/uploads\/2022\/11\/automatika-logo-2.png 344w\" sizes=\"(max-width: 300px) 100vw, 300px\" \/><\/p>","protected":false},"excerpt":{"rendered":"<p>\u2022 1\/2.7&#8221; 5 Megapixel ( 2592 x 1944 ) Water-proof BULIT IR CMOS camera \u2022 20 fps @ 5Mpix, 25\/30fps @ 4Mpix,25\/30fps&amp; 1080P, 0.02Lux @ F1.85 ,30IRE(0Lux IR Led on&hellip;<\/p>","protected":false},"featured_media":2270,"template":"","meta":[],"product_cat":[26],"product_tag":[],"_links":{"self":[{"href":"https:\/\/novi.automatikapro.com\/en\/wp-json\/wp\/v2\/product\/2269"}],"collection":[{"href":"https:\/\/novi.automatikapro.com\/en\/wp-json\/wp\/v2\/product"}],"about":[{"href":"https:\/\/novi.automatikapro.com\/en\/wp-json\/wp\/v2\/types\/product"}],"wp:featuredmedia":[{"embeddable":true,"href":"https:\/\/novi.automatikapro.com\/en\/wp-json\/wp\/v2\/media\/2270"}],"wp:attachment":[{"href":"https:\/\/novi.automatikapro.com\/en\/wp-json\/wp\/v2\/media?parent=2269"}],"wp:term":[{"taxonomy":"product_cat","embeddable":true,"href":"https:\/\/novi.automatikapro.com\/en\/wp-json\/wp\/v2\/product_cat?post=2269"},{"taxonomy":"product_tag","embeddable":true,"href":"https:\/\/novi.automatikapro.com\/en\/wp-json\/wp\/v2\/product_tag?post=2269"}],"curies":[{"name":"wp","href":"https:\/\/api.w.org\/{rel}","templated":true}]}}