{"id":2271,"date":"2022-11-14T21:04:12","date_gmt":"2022-11-14T21:04:12","guid":{"rendered":"https:\/\/automatikapro.com\/?post_type=product&#038;p=2271"},"modified":"2022-11-24T16:40:00","modified_gmt":"2022-11-24T16:40:00","slug":"dahua-hac-hfw1500tl-a","status":"publish","type":"product","link":"https:\/\/novi.automatikapro.com\/en\/product\/dahua-hac-hfw1500tl-a\/","title":{"rendered":"Dahua HAC-HFW1500TL-A"},"content":{"rendered":"<p>\u2022 1\/2.7&#8221; 5 Megapixel ( 2592 x 1944 ) Water-proof BULIT IR CMOS camera \u2022 20 fps @ 5Mpix, 25\/30fps @ 4Mpix,25\/30fps&amp; 1080P, 0.02Lux @ F1.85 ,30IRE(0Lux IR Led on ) \u2022 Lens: 3.6mm, , ugra\u0111en MIKROFON , OSD meni , izbor HD i SD izlaza \u2022 IR LEDs:80m,Smart IR, \u2022 DWDR,Day&amp;Night (ICR),AWB,AGC,BLC,HLC,2D-DNR, IP67 plastika+metalno ku\u0107i\u0161te ,DC12V, 4.9W Radna temperatura -40 ~ +60 C, Transmission Distance : do 700m via 75-3 coaxial cable, dimenzije Fi 80.2mm\u00d776.2mm\u00d7198.9mm * odgovaraju\u0107a dozna PFA134\/PFA12A, nosa\u010d za stub PFA134\/PFA12A + 152-E<\/p>\n<p><img loading=\"lazy\" class=\"alignnone size-medium wp-image-2190\" src=\"https:\/\/automatikapro.com\/wp-content\/uploads\/2022\/11\/automatika-logo-1-300x52.png\" alt=\"\" width=\"300\" height=\"52\" srcset=\"https:\/\/novi.automatikapro.com\/wp-content\/uploads\/2022\/11\/automatika-logo-1-300x52.png 300w, https:\/\/novi.automatikapro.com\/wp-content\/uploads\/2022\/11\/automatika-logo-1-18x3.png 18w, https:\/\/novi.automatikapro.com\/wp-content\/uploads\/2022\/11\/automatika-logo-1.png 344w\" sizes=\"(max-width: 300px) 100vw, 300px\" \/><\/p>","protected":false},"excerpt":{"rendered":"<p>\u2022 1\/2.7&#8221; 5 Megapixel ( 2592 x 1944 ) Water-proof BULIT IR CMOS camera \u2022 20 fps @ 5Mpix, 25\/30fps @ 4Mpix,25\/30fps&amp; 1080P, 0.02Lux @ F1.85 ,30IRE(0Lux IR Led on&hellip;<\/p>","protected":false},"featured_media":2272,"template":"","meta":[],"product_cat":[26],"product_tag":[],"_links":{"self":[{"href":"https:\/\/novi.automatikapro.com\/en\/wp-json\/wp\/v2\/product\/2271"}],"collection":[{"href":"https:\/\/novi.automatikapro.com\/en\/wp-json\/wp\/v2\/product"}],"about":[{"href":"https:\/\/novi.automatikapro.com\/en\/wp-json\/wp\/v2\/types\/product"}],"wp:featuredmedia":[{"embeddable":true,"href":"https:\/\/novi.automatikapro.com\/en\/wp-json\/wp\/v2\/media\/2272"}],"wp:attachment":[{"href":"https:\/\/novi.automatikapro.com\/en\/wp-json\/wp\/v2\/media?parent=2271"}],"wp:term":[{"taxonomy":"product_cat","embeddable":true,"href":"https:\/\/novi.automatikapro.com\/en\/wp-json\/wp\/v2\/product_cat?post=2271"},{"taxonomy":"product_tag","embeddable":true,"href":"https:\/\/novi.automatikapro.com\/en\/wp-json\/wp\/v2\/product_tag?post=2271"}],"curies":[{"name":"wp","href":"https:\/\/api.w.org\/{rel}","templated":true}]}}