{"id":2289,"date":"2022-11-14T21:32:17","date_gmt":"2022-11-14T21:32:17","guid":{"rendered":"https:\/\/automatikapro.com\/?post_type=product&#038;p=2289"},"modified":"2022-11-14T21:32:17","modified_gmt":"2022-11-14T21:32:17","slug":"dahua-xvr5104hs-i2","status":"publish","type":"product","link":"https:\/\/novi.automatikapro.com\/en\/product\/dahua-xvr5104hs-i2\/","title":{"rendered":"Dahua XVR5104HS-I2"},"content":{"rendered":"<p>4ch Penta-brid , 4 ch analog\/HDCVI \/AHD\/TVI\/IP + 2ch IP do 5Mpix, OnVif ver 2.4 H.264+ dual strim , P2P za lako umre\u017eavanje , prikaz u max rezoluciji analog, 1920x 1080p, rezolucija snimanja svih kanala do 1080P(1920&#215;1080) ,snimanje analognih kamera u realnom vremenu, mogu\u0107nost dodavanja 2 IP kamere do 5MP, podr\u017eava 2Mpix HDCVI kamere, Main Stream 1080P(1~15fps) \/ 720P\/960H\/D1\/HD1\/BCIF\/CIF\/QCIF (1~25\/30fps), Bit rate 1~6144Kb\/s, Incoming banwith 24Mbps\/Transmision bandwith 24Mbps, Trigger Events : Recording, PTZ, Tour, Video Push, Email, FTP, Spot, Buzzer &amp; Screen tips, Audio 1 in\/1 out, Intelligent Video Detection : Face detection, Motion detection, MD Zones : 396(22&#215;18), Video Loss &amp; Camera Blank Smart Search,Backup Mode : USB\/internal SATA burner\/Network, Max. User Access : 128 users ; Smart Phone : iPhone, iPad, Android, Windows Phone, 1 SATA HDD do 8TB ; Izlazi 1 HDMI, 1 VGA ,2 USB, RS485 ( PTZ Control ); kontrola mi\u0161om; 12Vdc , 10W (bez HDD), Radna temperatura : -10 ~ +55C. KU\u0106I\u0160TE Compact 1U dimenzija 260\u00d7236mm\u00d748mm<\/p>\n<p><img loading=\"lazy\" class=\"alignnone size-medium wp-image-2200\" src=\"https:\/\/automatikapro.com\/wp-content\/uploads\/2022\/11\/automatika-logo-2-300x52.png\" alt=\"\" width=\"300\" height=\"52\" srcset=\"https:\/\/novi.automatikapro.com\/wp-content\/uploads\/2022\/11\/automatika-logo-2-300x52.png 300w, https:\/\/novi.automatikapro.com\/wp-content\/uploads\/2022\/11\/automatika-logo-2-18x3.png 18w, https:\/\/novi.automatikapro.com\/wp-content\/uploads\/2022\/11\/automatika-logo-2.png 344w\" sizes=\"(max-width: 300px) 100vw, 300px\" \/><\/p>","protected":false},"excerpt":{"rendered":"<p>4ch Penta-brid , 4 ch analog\/HDCVI \/AHD\/TVI\/IP + 2ch IP do 5Mpix, OnVif ver 2.4 H.264+ dual strim , P2P za lako umre\u017eavanje , prikaz u max rezoluciji analog, 1920x&hellip;<\/p>","protected":false},"featured_media":2290,"template":"","meta":[],"product_cat":[89,26],"product_tag":[],"_links":{"self":[{"href":"https:\/\/novi.automatikapro.com\/en\/wp-json\/wp\/v2\/product\/2289"}],"collection":[{"href":"https:\/\/novi.automatikapro.com\/en\/wp-json\/wp\/v2\/product"}],"about":[{"href":"https:\/\/novi.automatikapro.com\/en\/wp-json\/wp\/v2\/types\/product"}],"wp:featuredmedia":[{"embeddable":true,"href":"https:\/\/novi.automatikapro.com\/en\/wp-json\/wp\/v2\/media\/2290"}],"wp:attachment":[{"href":"https:\/\/novi.automatikapro.com\/en\/wp-json\/wp\/v2\/media?parent=2289"}],"wp:term":[{"taxonomy":"product_cat","embeddable":true,"href":"https:\/\/novi.automatikapro.com\/en\/wp-json\/wp\/v2\/product_cat?post=2289"},{"taxonomy":"product_tag","embeddable":true,"href":"https:\/\/novi.automatikapro.com\/en\/wp-json\/wp\/v2\/product_tag?post=2289"}],"curies":[{"name":"wp","href":"https:\/\/api.w.org\/{rel}","templated":true}]}}