{"id":2294,"date":"2022-11-14T21:35:14","date_gmt":"2022-11-14T21:35:14","guid":{"rendered":"https:\/\/automatikapro.com\/?post_type=product&#038;p=2294"},"modified":"2022-11-14T21:35:14","modified_gmt":"2022-11-14T21:35:14","slug":"dahua-xvr5104hs-4kl-i2","status":"publish","type":"product","link":"https:\/\/novi.automatikapro.com\/en\/product\/dahua-xvr5104hs-4kl-i2\/","title":{"rendered":"Dahua XVR5104HS-4KL-I2"},"content":{"rendered":"<p>4ch Penta-brid 4K \/HDCVI \/AHD\/TVI\/ analog\/IP +, 4+2 IP do 8Mpix, ONVIF 16.12, H.265+\/H.265\/H.264+\/H. , P2P za lako umre\u017eavanje , prikaz u max rezoluciji analog, 3840x 2160p, rezolucija snimanja svih kanala do 4K(3840&#215;2160) ,snimanje analognih kamera u realnom vremenu Main Stream 4K (1~7fps)\/1080P(1~25\/30fps), Bitrate32Kbp~6144Kb\/s, Incoming banwith24Mbps Trigger Events : Recording, PTZ+C99, Tour, Video Push, Email, FTP, Spot, Buzzer &amp; Screen tips, Audio 1 in\/1 out, Intelligent Video Detection : Face detection, Motion detection, MD Zones : 396(22&#215;18), Video Loss &amp; Camera Blank Smart Search,Backup Mode : USB\/internal SATA burner\/Network, Max. User Access : 128 users ; Smart Phone : iPhone, iPad, Android, Windows Phone, 1 SATA HDD do 10TB ; Izlazi 1 HDMI, 1 VGA ,2 USB, RS485 ( PTZ Control ); kontrola mi\u0161om; 12Vdc , 10W (bez HDD), Radna temperatura : -10 ~ +55C. KU\u0106I\u0160TE Compact 1U\/Mini 1U<\/p>\n<p><img loading=\"lazy\" class=\"alignnone size-medium wp-image-2200\" src=\"https:\/\/automatikapro.com\/wp-content\/uploads\/2022\/11\/automatika-logo-2-300x52.png\" alt=\"\" width=\"300\" height=\"52\" srcset=\"https:\/\/novi.automatikapro.com\/wp-content\/uploads\/2022\/11\/automatika-logo-2-300x52.png 300w, https:\/\/novi.automatikapro.com\/wp-content\/uploads\/2022\/11\/automatika-logo-2-18x3.png 18w, https:\/\/novi.automatikapro.com\/wp-content\/uploads\/2022\/11\/automatika-logo-2.png 344w\" sizes=\"(max-width: 300px) 100vw, 300px\" \/><\/p>","protected":false},"excerpt":{"rendered":"<p>4ch Penta-brid 4K \/HDCVI \/AHD\/TVI\/ analog\/IP +, 4+2 IP do 8Mpix, ONVIF 16.12, H.265+\/H.265\/H.264+\/H. , P2P za lako umre\u017eavanje , prikaz u max rezoluciji analog, 3840x 2160p, rezolucija snimanja svih&hellip;<\/p>","protected":false},"featured_media":2295,"template":"","meta":[],"product_cat":[89,26],"product_tag":[],"_links":{"self":[{"href":"https:\/\/novi.automatikapro.com\/en\/wp-json\/wp\/v2\/product\/2294"}],"collection":[{"href":"https:\/\/novi.automatikapro.com\/en\/wp-json\/wp\/v2\/product"}],"about":[{"href":"https:\/\/novi.automatikapro.com\/en\/wp-json\/wp\/v2\/types\/product"}],"wp:featuredmedia":[{"embeddable":true,"href":"https:\/\/novi.automatikapro.com\/en\/wp-json\/wp\/v2\/media\/2295"}],"wp:attachment":[{"href":"https:\/\/novi.automatikapro.com\/en\/wp-json\/wp\/v2\/media?parent=2294"}],"wp:term":[{"taxonomy":"product_cat","embeddable":true,"href":"https:\/\/novi.automatikapro.com\/en\/wp-json\/wp\/v2\/product_cat?post=2294"},{"taxonomy":"product_tag","embeddable":true,"href":"https:\/\/novi.automatikapro.com\/en\/wp-json\/wp\/v2\/product_tag?post=2294"}],"curies":[{"name":"wp","href":"https:\/\/api.w.org\/{rel}","templated":true}]}}