{"id":2303,"date":"2022-11-14T21:39:45","date_gmt":"2022-11-14T21:39:45","guid":{"rendered":"https:\/\/automatikapro.com\/?post_type=product&#038;p=2303"},"modified":"2022-11-14T21:39:46","modified_gmt":"2022-11-14T21:39:46","slug":"dahua-xvr5108he","status":"publish","type":"product","link":"https:\/\/novi.automatikapro.com\/en\/product\/dahua-xvr5108he\/","title":{"rendered":"Dahua XVR5108HE"},"content":{"rendered":"<p>8ch Penta-brid , 8 ch analog\/HDCVI \/AHD\/TVI\/IP + 4ch IP do 5Mpix \u2022 Kompatibilnost: OnVif ver 2.4 , CGI \u2022 Kompresija: H.264+\/H.264 \u2022 P2P za lako umre\u017eavanje \u2022 prikaz u max rezoluciji 1920x 1080p \u2022 rezolucija snimanja svih kanala do 1080P(1920&#215;1080) \u2022 snimanje analognih kamera 2 Mpx u &#8220;non-real time&#8221; \u2022 automatska detekcija signala: HDCVI\/AHD\/TVI\/ CVBS \u2022 Rezolucija pri upisu: 1080P(1~15fps) \/ 720P\/960H\/D1\/ HD1\/BCIF \/CIF\/QCIF (1~25\/30fps)\u2022 Bitna brzina: 1~6144Kb\/s \u2022 Ulazni opseg: 48 Mbps\/ Transmisioni opseg: 48Mbps \u2022 Trigerski doga\u0111aji : zapis, PTZ, tura, &#8220;Video Push&#8221;, Email, FTP, Spot, zujalica &amp; &#8220;Screen tips&#8221; \u2022 alarmi: 8 in\/3 out \u2022 audioi: 8 in\/ 1 out \u2022 dvosmjerni audio: 1 in reuse ch 1\/1 out \u2022 IVS : detekcija lica,virtuelna linija,uljez, napu\u0161teni\/nestali obkekti \u2022 Video detekcije: detekcija pokreta, MD Zones : 396(22&#215;18), gubitak videa , tampering \u2022 Smart Search \u2022 Backup Mode : USB\/Network \u2022 Max.broj korisnika : 128 users \u2022 RJ-45 (100M) \u2022 Upravljanje putem pametnih telefona : iPhone, iPad, Android\u2022 Memorija: 1 x SATA HDD do 8TB \u2022 Izlazi: 1 HDMI, 1 VGA ,2 USB, RS485 ( PTZ Control ) \u2022 kontrola mi\u0161om \u2022 Napajanje:12Vdc\/2A \u2022 Potro\u0161nja: 10W (bez HDD) \u2022 Radni temp. opseg : -10 ~ +55C \u2022 KU\u0106I\u0160TE: Compact mini 1U &#8211; dimenzija 325mm \u00d7 255 mm\u00d755 mm<\/p>\n<p><img loading=\"lazy\" class=\"alignnone size-medium wp-image-2200\" src=\"https:\/\/automatikapro.com\/wp-content\/uploads\/2022\/11\/automatika-logo-2-300x52.png\" alt=\"\" width=\"300\" height=\"52\" srcset=\"https:\/\/novi.automatikapro.com\/wp-content\/uploads\/2022\/11\/automatika-logo-2-300x52.png 300w, https:\/\/novi.automatikapro.com\/wp-content\/uploads\/2022\/11\/automatika-logo-2-18x3.png 18w, https:\/\/novi.automatikapro.com\/wp-content\/uploads\/2022\/11\/automatika-logo-2.png 344w\" sizes=\"(max-width: 300px) 100vw, 300px\" \/><\/p>","protected":false},"excerpt":{"rendered":"<p>8ch Penta-brid , 8 ch analog\/HDCVI \/AHD\/TVI\/IP + 4ch IP do 5Mpix \u2022 Kompatibilnost: OnVif ver 2.4 , CGI \u2022 Kompresija: H.264+\/H.264 \u2022 P2P za lako umre\u017eavanje \u2022 prikaz u&hellip;<\/p>","protected":false},"featured_media":2304,"template":"","meta":[],"product_cat":[89,26],"product_tag":[],"_links":{"self":[{"href":"https:\/\/novi.automatikapro.com\/en\/wp-json\/wp\/v2\/product\/2303"}],"collection":[{"href":"https:\/\/novi.automatikapro.com\/en\/wp-json\/wp\/v2\/product"}],"about":[{"href":"https:\/\/novi.automatikapro.com\/en\/wp-json\/wp\/v2\/types\/product"}],"wp:featuredmedia":[{"embeddable":true,"href":"https:\/\/novi.automatikapro.com\/en\/wp-json\/wp\/v2\/media\/2304"}],"wp:attachment":[{"href":"https:\/\/novi.automatikapro.com\/en\/wp-json\/wp\/v2\/media?parent=2303"}],"wp:term":[{"taxonomy":"product_cat","embeddable":true,"href":"https:\/\/novi.automatikapro.com\/en\/wp-json\/wp\/v2\/product_cat?post=2303"},{"taxonomy":"product_tag","embeddable":true,"href":"https:\/\/novi.automatikapro.com\/en\/wp-json\/wp\/v2\/product_tag?post=2303"}],"curies":[{"name":"wp","href":"https:\/\/api.w.org\/{rel}","templated":true}]}}