{"id":2307,"date":"2022-11-14T21:41:29","date_gmt":"2022-11-14T21:41:29","guid":{"rendered":"https:\/\/automatikapro.com\/?post_type=product&#038;p=2307"},"modified":"2022-11-14T21:41:29","modified_gmt":"2022-11-14T21:41:29","slug":"dahua-xvr5108hs-4kl","status":"publish","type":"product","link":"https:\/\/novi.automatikapro.com\/en\/product\/dahua-xvr5108hs-4kl\/","title":{"rendered":"Dahua XVR5108HS-4KL"},"content":{"rendered":"<p>Penta-brid 4K \/HDCVI \/AHD\/TVI\/ analog\/IP + (8+4) IP do 8Mpix,ONVIF 16.12, H.265+\/H.265\/H.264+\/H. , P2P za lako umre\u017eavanje , prikaz u max rezoluciji analog, 1920x 1080p, rezolucija snimanja svih kanala do 4K(3840&#215;2160) ,snimanje analognih kamera u realnom vremenu, podr\u017eava 2Mpix HDCVI kamere, , Trigger Events : Recording, PTZ, Tour, Video Push, Email, FTP, Spot, Buzzer &amp; Screen tips, Audio 1 in\/1 out, Intelligent Video Detection : Face detection, Motion detection, MD Zones : 396(22&#215;18), Video Loss &amp; Camera Blank : USB\/internal SATA burner\/Network, Max. User Access : 128 users ; Smart Phone : iPhone, iPad, Android, Windows Phone, 1 SATA HDD do 10TB ; Izlazi 1 HDMI, 1 VGA ,2 USB, RS485 ( PTZ Control ); kontrola mi\u0161om; 53Vdc , 15W (bez HDD), Radna temperatura : -10 ~ +55C. KU\u0106I\u0160TE Compact 1U dimenzija 325mm\u00d7255mm\u00d755mm<\/p>\n<p><img loading=\"lazy\" class=\"alignnone size-medium wp-image-2200\" src=\"https:\/\/automatikapro.com\/wp-content\/uploads\/2022\/11\/automatika-logo-2-300x52.png\" alt=\"\" width=\"300\" height=\"52\" srcset=\"https:\/\/novi.automatikapro.com\/wp-content\/uploads\/2022\/11\/automatika-logo-2-300x52.png 300w, https:\/\/novi.automatikapro.com\/wp-content\/uploads\/2022\/11\/automatika-logo-2-18x3.png 18w, https:\/\/novi.automatikapro.com\/wp-content\/uploads\/2022\/11\/automatika-logo-2.png 344w\" sizes=\"(max-width: 300px) 100vw, 300px\" \/><\/p>","protected":false},"excerpt":{"rendered":"<p>Penta-brid 4K \/HDCVI \/AHD\/TVI\/ analog\/IP + (8+4) IP do 8Mpix,ONVIF 16.12, H.265+\/H.265\/H.264+\/H. , P2P za lako umre\u017eavanje , prikaz u max rezoluciji analog, 1920x 1080p, rezolucija snimanja svih kanala do&hellip;<\/p>","protected":false},"featured_media":2308,"template":"","meta":[],"product_cat":[89,26],"product_tag":[],"_links":{"self":[{"href":"https:\/\/novi.automatikapro.com\/en\/wp-json\/wp\/v2\/product\/2307"}],"collection":[{"href":"https:\/\/novi.automatikapro.com\/en\/wp-json\/wp\/v2\/product"}],"about":[{"href":"https:\/\/novi.automatikapro.com\/en\/wp-json\/wp\/v2\/types\/product"}],"wp:featuredmedia":[{"embeddable":true,"href":"https:\/\/novi.automatikapro.com\/en\/wp-json\/wp\/v2\/media\/2308"}],"wp:attachment":[{"href":"https:\/\/novi.automatikapro.com\/en\/wp-json\/wp\/v2\/media?parent=2307"}],"wp:term":[{"taxonomy":"product_cat","embeddable":true,"href":"https:\/\/novi.automatikapro.com\/en\/wp-json\/wp\/v2\/product_cat?post=2307"},{"taxonomy":"product_tag","embeddable":true,"href":"https:\/\/novi.automatikapro.com\/en\/wp-json\/wp\/v2\/product_tag?post=2307"}],"curies":[{"name":"wp","href":"https:\/\/api.w.org\/{rel}","templated":true}]}}