{"id":2316,"date":"2022-11-14T21:46:16","date_gmt":"2022-11-14T21:46:16","guid":{"rendered":"https:\/\/automatikapro.com\/?post_type=product&#038;p=2316"},"modified":"2022-11-14T21:46:16","modified_gmt":"2022-11-14T21:46:16","slug":"dahua-xvr1b16-i","status":"publish","type":"product","link":"https:\/\/novi.automatikapro.com\/en\/product\/dahua-xvr1b16-i\/","title":{"rendered":"Dahua XVR1B16-I"},"content":{"rendered":"<p>16-kanalni Penta-brid 1080N\/720, 4-kanalni analogni\/HDCVI \/AHD\/TVI\/IP + 2 IP do 6Mpix \u2022 OnVif 16.12 \u2022 Do 8 kanala (analogni kanal) SMD Plus \u2022 AI kodiranje\/H.265+\/H.265 \/H.264+\/H.264, \u2022 Glavni strim: the 1, kanal 1080N\/720p (1 fps\u201325\/30 fps), ostali kanali 1080N\/720p (1 fps\u201315 fps); 960H\/D1\/HD1\/BCIF\/CIF\/QCIF (1 fps\u201325\/30 fps), Sub strim: CIF\/QCIF (1 fps\u20137 fps \u2022 Bit rate 32~4096Kb\/s \u2022 Protok: 64 Mbps \u2022 Audio 1 in\/1 out RCA \u2022 Doga\u0111aji triger: snimanje, PTZ, obilazak , Video Push, Email, FTP, Snimak, Zujalica &amp; Savjeti za ekran \u2022 1 SATA HDD do 6 TB \u2022 Izlazi : 1 HDMI, 1 VGA , 2 USB \u2022 RJ45 100Mbps \u2022 12Vdc, 4W (bez HDD ) \u2022 Radna temperatura : -10 ~ +45C. \u2022 KU\u0106I\u0160TE compact 1U dimenzija 260.0 mm \u00d7 231.4 mm \u00d7 47.6 mm<\/p>\n<p><img loading=\"lazy\" class=\"alignnone size-medium wp-image-2200\" src=\"https:\/\/automatikapro.com\/wp-content\/uploads\/2022\/11\/automatika-logo-2-300x52.png\" alt=\"\" width=\"300\" height=\"52\" srcset=\"https:\/\/novi.automatikapro.com\/wp-content\/uploads\/2022\/11\/automatika-logo-2-300x52.png 300w, https:\/\/novi.automatikapro.com\/wp-content\/uploads\/2022\/11\/automatika-logo-2-18x3.png 18w, https:\/\/novi.automatikapro.com\/wp-content\/uploads\/2022\/11\/automatika-logo-2.png 344w\" sizes=\"(max-width: 300px) 100vw, 300px\" \/><\/p>","protected":false},"excerpt":{"rendered":"<p>16-kanalni Penta-brid 1080N\/720, 4-kanalni analogni\/HDCVI \/AHD\/TVI\/IP + 2 IP do 6Mpix \u2022 OnVif 16.12 \u2022 Do 8 kanala (analogni kanal) SMD Plus \u2022 AI kodiranje\/H.265+\/H.265 \/H.264+\/H.264, \u2022 Glavni strim: the&hellip;<\/p>","protected":false},"featured_media":2317,"template":"","meta":[],"product_cat":[89,26],"product_tag":[],"_links":{"self":[{"href":"https:\/\/novi.automatikapro.com\/en\/wp-json\/wp\/v2\/product\/2316"}],"collection":[{"href":"https:\/\/novi.automatikapro.com\/en\/wp-json\/wp\/v2\/product"}],"about":[{"href":"https:\/\/novi.automatikapro.com\/en\/wp-json\/wp\/v2\/types\/product"}],"wp:featuredmedia":[{"embeddable":true,"href":"https:\/\/novi.automatikapro.com\/en\/wp-json\/wp\/v2\/media\/2317"}],"wp:attachment":[{"href":"https:\/\/novi.automatikapro.com\/en\/wp-json\/wp\/v2\/media?parent=2316"}],"wp:term":[{"taxonomy":"product_cat","embeddable":true,"href":"https:\/\/novi.automatikapro.com\/en\/wp-json\/wp\/v2\/product_cat?post=2316"},{"taxonomy":"product_tag","embeddable":true,"href":"https:\/\/novi.automatikapro.com\/en\/wp-json\/wp\/v2\/product_tag?post=2316"}],"curies":[{"name":"wp","href":"https:\/\/api.w.org\/{rel}","templated":true}]}}