{"id":2324,"date":"2022-11-14T21:51:56","date_gmt":"2022-11-14T21:51:56","guid":{"rendered":"https:\/\/automatikapro.com\/?post_type=product&#038;p=2324"},"modified":"2022-11-14T21:51:56","modified_gmt":"2022-11-14T21:51:56","slug":"dahua-xvr5216an-s2","status":"publish","type":"product","link":"https:\/\/novi.automatikapro.com\/en\/product\/dahua-xvr5216an-s2\/","title":{"rendered":"Dahua XVR5216AN-S2"},"content":{"rendered":"<p>16ch HDCVI tribrid, 16ch analog\/HDCVI + 8ch IP do 6MPX , OnVif ver 16.12 H.265+\/H.265\/H.264+\/H.264 dual strim , P2P za lako umre\u017eavanje , prikaz u max rezoluciji analog, HDCVI 1080p, IP 1080p, rezolucija snimanja svih kanala do 1080P(1920&#215;1080) ,snimanje analognih kamera u realnom vremenu, mogu\u0107nost dodavanja 8 IP kamere do 5MP, podr\u017eava 2Mpix HDCVI kamere, Main Stream 1080P(1~15fps) ili 1080N\/720P\/960H\/D1\/HD1\/BCIF\/CIF\/QCIF (1~25\/30fps), Bit rate 1~6144Kb\/s, Incoming banwith 96Mbps\/Transmision bandwith 96Mbps, Trigger Events : Recording, PTZ, Tour, Video Push, Email, FTP, Spot, Buzzer &amp; Screen tips, Audio1 in\/1 out i Video Detection : Motion detection, MD Zones : 396(22&#215;18), Video Loss &amp; Camera Blank Backup Mode : USB\/internal SATA burner\/Network, Max. User Access : 128 users ; Smart Phone : iPhone, iPad, Android, Windows Phone, 2 SATA HDD do 10TB ; Izlazi 1 HDMI, 1 VGA ,2 USB, RS485 ( PTZ Control ); kontrola mi\u0161om; 12Vdc , 15W (bez HDD), Radna temperatura : -10 ~ +55C. KU\u0106I\u0160TE 1U dimenzija 375mm\u00d7287mm\u00d753mm<\/p>\n<p><img loading=\"lazy\" class=\"alignnone size-medium wp-image-2200\" src=\"https:\/\/automatikapro.com\/wp-content\/uploads\/2022\/11\/automatika-logo-2-300x52.png\" alt=\"\" width=\"300\" height=\"52\" srcset=\"https:\/\/novi.automatikapro.com\/wp-content\/uploads\/2022\/11\/automatika-logo-2-300x52.png 300w, https:\/\/novi.automatikapro.com\/wp-content\/uploads\/2022\/11\/automatika-logo-2-18x3.png 18w, https:\/\/novi.automatikapro.com\/wp-content\/uploads\/2022\/11\/automatika-logo-2.png 344w\" sizes=\"(max-width: 300px) 100vw, 300px\" \/><\/p>","protected":false},"excerpt":{"rendered":"<p>16ch HDCVI tribrid, 16ch analog\/HDCVI + 8ch IP do 6MPX , OnVif ver 16.12 H.265+\/H.265\/H.264+\/H.264 dual strim , P2P za lako umre\u017eavanje , prikaz u max rezoluciji analog, HDCVI 1080p,&hellip;<\/p>","protected":false},"featured_media":2304,"template":"","meta":[],"product_cat":[89,26],"product_tag":[],"_links":{"self":[{"href":"https:\/\/novi.automatikapro.com\/en\/wp-json\/wp\/v2\/product\/2324"}],"collection":[{"href":"https:\/\/novi.automatikapro.com\/en\/wp-json\/wp\/v2\/product"}],"about":[{"href":"https:\/\/novi.automatikapro.com\/en\/wp-json\/wp\/v2\/types\/product"}],"wp:featuredmedia":[{"embeddable":true,"href":"https:\/\/novi.automatikapro.com\/en\/wp-json\/wp\/v2\/media\/2304"}],"wp:attachment":[{"href":"https:\/\/novi.automatikapro.com\/en\/wp-json\/wp\/v2\/media?parent=2324"}],"wp:term":[{"taxonomy":"product_cat","embeddable":true,"href":"https:\/\/novi.automatikapro.com\/en\/wp-json\/wp\/v2\/product_cat?post=2324"},{"taxonomy":"product_tag","embeddable":true,"href":"https:\/\/novi.automatikapro.com\/en\/wp-json\/wp\/v2\/product_tag?post=2324"}],"curies":[{"name":"wp","href":"https:\/\/api.w.org\/{rel}","templated":true}]}}