{"id":2326,"date":"2022-11-14T21:53:48","date_gmt":"2022-11-14T21:53:48","guid":{"rendered":"https:\/\/automatikapro.com\/?post_type=product&#038;p=2326"},"modified":"2022-11-14T21:53:48","modified_gmt":"2022-11-14T21:53:48","slug":"dahua-xvr5216an-4kl","status":"publish","type":"product","link":"https:\/\/novi.automatikapro.com\/en\/product\/dahua-xvr5216an-4kl\/","title":{"rendered":"Dahua XVR5216AN-4KL"},"content":{"rendered":"<p>16ch Penta-brid 4K, 16 ch analog\/HDCVI \/AHD\/TVI\/IP do 8Mpix \u2022 OnVif 16.1<br \/>\n\u2022 Incoming banwith 128 Mbps \u2022 Trigger Events : Recording, PTZ, Tour, Video Push, Email, FTP,Snapshot, Buzzer &amp; Screen tips \u2022 Audio 4 in\/1 out 2 SATA HDD do 10 TB \u2022 Izlazi : 1 HDMI-4K, 1 VGA , 2 USB, RS485 \u2022 RJ45 1000Mbps \u2022 12Vdc , 15W (bez HDD) \u2022 Radna temperatura : -10 ~ +55C. \u2022 KU\u0106I\u0160TE 1U dimenzija 375mm\u00d7288mm\u00d753mm<\/p>\n<p><img loading=\"lazy\" class=\"alignnone size-medium wp-image-2190\" src=\"https:\/\/automatikapro.com\/wp-content\/uploads\/2022\/11\/automatika-logo-1-300x52.png\" alt=\"\" width=\"300\" height=\"52\" srcset=\"https:\/\/novi.automatikapro.com\/wp-content\/uploads\/2022\/11\/automatika-logo-1-300x52.png 300w, https:\/\/novi.automatikapro.com\/wp-content\/uploads\/2022\/11\/automatika-logo-1-18x3.png 18w, https:\/\/novi.automatikapro.com\/wp-content\/uploads\/2022\/11\/automatika-logo-1.png 344w\" sizes=\"(max-width: 300px) 100vw, 300px\" \/><\/p>","protected":false},"excerpt":{"rendered":"<p>16ch Penta-brid 4K, 16 ch analog\/HDCVI \/AHD\/TVI\/IP do 8Mpix \u2022 OnVif 16.1 \u2022 Incoming banwith 128 Mbps \u2022 Trigger Events : Recording, PTZ, Tour, Video Push, Email, FTP,Snapshot, Buzzer &amp;&hellip;<\/p>","protected":false},"featured_media":2327,"template":"","meta":[],"product_cat":[89,26],"product_tag":[],"_links":{"self":[{"href":"https:\/\/novi.automatikapro.com\/en\/wp-json\/wp\/v2\/product\/2326"}],"collection":[{"href":"https:\/\/novi.automatikapro.com\/en\/wp-json\/wp\/v2\/product"}],"about":[{"href":"https:\/\/novi.automatikapro.com\/en\/wp-json\/wp\/v2\/types\/product"}],"wp:featuredmedia":[{"embeddable":true,"href":"https:\/\/novi.automatikapro.com\/en\/wp-json\/wp\/v2\/media\/2327"}],"wp:attachment":[{"href":"https:\/\/novi.automatikapro.com\/en\/wp-json\/wp\/v2\/media?parent=2326"}],"wp:term":[{"taxonomy":"product_cat","embeddable":true,"href":"https:\/\/novi.automatikapro.com\/en\/wp-json\/wp\/v2\/product_cat?post=2326"},{"taxonomy":"product_tag","embeddable":true,"href":"https:\/\/novi.automatikapro.com\/en\/wp-json\/wp\/v2\/product_tag?post=2326"}],"curies":[{"name":"wp","href":"https:\/\/api.w.org\/{rel}","templated":true}]}}