{"id":2370,"date":"2022-11-28T22:05:51","date_gmt":"2022-11-28T22:05:51","guid":{"rendered":"https:\/\/automatikapro.com\/?post_type=product&#038;p=2370"},"modified":"2022-12-01T23:09:21","modified_gmt":"2022-12-01T23:09:21","slug":"acp-12ch35reyi-r32-grijanje-na-32","status":"publish","type":"product","link":"https:\/\/novi.automatikapro.com\/en\/product\/acp-12ch35reyi-r32-grijanje-na-32\/","title":{"rendered":"Vivax ACP-12CH35REY R32"},"content":{"rendered":"<div id=\"idTab1\" class=\"rte\">\n<h2><strong> VIVAX KLIMA ACP-12CH35REY 12-ka<\/strong><\/h2>\n<p><strong>Pokriveni prostor: od 30-50 m2<\/strong><\/p>\n<p><strong>Tip ure\u0111aja: On- off klima ure\u0111aj<\/strong><\/p>\n<p><strong>Kapacitet hla\u0111enja: 3300 W<\/strong><\/p>\n<p><strong>Kapacitet grijanja:3300 W<\/strong><\/p>\n<p><strong>Nominalni kapacitet: [kW] 3.22<\/strong><\/p>\n<p><strong>Energetska klasa grijanja: A<\/strong><\/p>\n<p><strong>Energetska klasa hla\u0111enja: A<\/strong><\/p>\n<p><strong>Dodatni benefiti: Samodijagnostika, za\u0161tita ventila spolja\u0161nje jedinice, 5 brzina,senzor curenja gasa,turbo, Inteligentno otapanje<\/strong><\/p>\n<p><strong>Garancija: 3 godina<\/strong><\/p>\n<\/div>\n<p>&nbsp;<\/p>\n<p>&nbsp;<\/p>\n<p>&nbsp;<\/p>\n<p><img loading=\"lazy\" class=\"alignnone size-medium wp-image-2200\" src=\"https:\/\/automatikapro.com\/wp-content\/uploads\/2022\/11\/automatika-logo-2-300x52.png\" alt=\"\" width=\"300\" height=\"52\" srcset=\"https:\/\/novi.automatikapro.com\/wp-content\/uploads\/2022\/11\/automatika-logo-2-300x52.png 300w, https:\/\/novi.automatikapro.com\/wp-content\/uploads\/2022\/11\/automatika-logo-2-18x3.png 18w, https:\/\/novi.automatikapro.com\/wp-content\/uploads\/2022\/11\/automatika-logo-2.png 344w\" sizes=\"(max-width: 300px) 100vw, 300px\" \/><\/p>\n","protected":false},"excerpt":{"rendered":"<p>VIVAX KLIMA ACP-12CH35REY 12-ka Pokriveni prostor: od 30-50 m2 Tip ure\u0111aja: On- off klima ure\u0111aj Kapacitet hla\u0111enja: 3300 W Kapacitet grijanja:3300 W Nominalni kapacitet: [kW] 3.22 Energetska klasa grijanja: A&hellip;<\/p>\n","protected":false},"featured_media":2378,"template":"","meta":[],"product_cat":[91],"product_tag":[],"_links":{"self":[{"href":"https:\/\/novi.automatikapro.com\/en\/wp-json\/wp\/v2\/product\/2370"}],"collection":[{"href":"https:\/\/novi.automatikapro.com\/en\/wp-json\/wp\/v2\/product"}],"about":[{"href":"https:\/\/novi.automatikapro.com\/en\/wp-json\/wp\/v2\/types\/product"}],"wp:featuredmedia":[{"embeddable":true,"href":"https:\/\/novi.automatikapro.com\/en\/wp-json\/wp\/v2\/media\/2378"}],"wp:attachment":[{"href":"https:\/\/novi.automatikapro.com\/en\/wp-json\/wp\/v2\/media?parent=2370"}],"wp:term":[{"taxonomy":"product_cat","embeddable":true,"href":"https:\/\/novi.automatikapro.com\/en\/wp-json\/wp\/v2\/product_cat?post=2370"},{"taxonomy":"product_tag","embeddable":true,"href":"https:\/\/novi.automatikapro.com\/en\/wp-json\/wp\/v2\/product_tag?post=2370"}],"curies":[{"name":"wp","href":"https:\/\/api.w.org\/{rel}","templated":true}]}}