{"id":2381,"date":"2022-12-01T23:19:59","date_gmt":"2022-12-01T23:19:59","guid":{"rendered":"https:\/\/automatikapro.com\/?post_type=product&#038;p=2381"},"modified":"2022-12-01T23:19:59","modified_gmt":"2022-12-01T23:19:59","slug":"vivax-acp-12ch35rewi-r32","status":"publish","type":"product","link":"https:\/\/novi.automatikapro.com\/en\/product\/vivax-acp-12ch35rewi-r32\/","title":{"rendered":"Vivax ACP-12CH35REWI R32"},"content":{"rendered":"<p><strong>Pokriveni prostor:<\/strong> 35 m2<\/p>\n<p><strong>Tip ure\u0111aja:<\/strong> Inverter Split sistem klima ure\u0111aji<\/p>\n<p><strong>Kapacitet hla\u0111enja:<\/strong> [kW] 3.5<\/p>\n<p><strong>Kapacitet grijanja:<\/strong> [kW] 4.2<\/p>\n<p><strong>Energetska klasa grijanja:<\/strong> A++<\/p>\n<p><strong>Energetska klasa hla\u0111enja:<\/strong> A+++<\/p>\n<p><strong>Podru\u010dje rada pri grijanju:<\/strong> -15\u2264T\u226424<\/p>\n<p><strong>Podru\u010dje rada pri hla\u0111enju:<\/strong> -10\u2264T\u226450<\/p>\n<p><strong>Dodatni benefiti:<\/strong> I feel funkcija, Turbo mode, auto mode, auto restart, golden fin, ionizator, samodijagnostika kvarova, sleep mode, soft start, timer<\/p>\n<p><strong>Garancija:<\/strong> 3 godina<\/p>\n<p>&nbsp;<\/p>\n<p>&nbsp;<\/p>\n<p><img loading=\"lazy\" class=\"alignnone size-medium wp-image-2200\" src=\"https:\/\/automatikapro.com\/wp-content\/uploads\/2022\/11\/automatika-logo-2-300x52.png\" alt=\"\" width=\"300\" height=\"52\" srcset=\"https:\/\/novi.automatikapro.com\/wp-content\/uploads\/2022\/11\/automatika-logo-2-300x52.png 300w, https:\/\/novi.automatikapro.com\/wp-content\/uploads\/2022\/11\/automatika-logo-2-18x3.png 18w, https:\/\/novi.automatikapro.com\/wp-content\/uploads\/2022\/11\/automatika-logo-2.png 344w\" sizes=\"(max-width: 300px) 100vw, 300px\" \/><\/p>\n","protected":false},"excerpt":{"rendered":"<p>Pokriveni prostor: 35 m2 Tip ure\u0111aja: Inverter Split sistem klima ure\u0111aji Kapacitet hla\u0111enja: [kW] 3.5 Kapacitet grijanja: [kW] 4.2 Energetska klasa grijanja: A++ Energetska klasa hla\u0111enja: A+++ Podru\u010dje rada pri&hellip;<\/p>\n","protected":false},"featured_media":2382,"template":"","meta":[],"product_cat":[91],"product_tag":[],"_links":{"self":[{"href":"https:\/\/novi.automatikapro.com\/en\/wp-json\/wp\/v2\/product\/2381"}],"collection":[{"href":"https:\/\/novi.automatikapro.com\/en\/wp-json\/wp\/v2\/product"}],"about":[{"href":"https:\/\/novi.automatikapro.com\/en\/wp-json\/wp\/v2\/types\/product"}],"wp:featuredmedia":[{"embeddable":true,"href":"https:\/\/novi.automatikapro.com\/en\/wp-json\/wp\/v2\/media\/2382"}],"wp:attachment":[{"href":"https:\/\/novi.automatikapro.com\/en\/wp-json\/wp\/v2\/media?parent=2381"}],"wp:term":[{"taxonomy":"product_cat","embeddable":true,"href":"https:\/\/novi.automatikapro.com\/en\/wp-json\/wp\/v2\/product_cat?post=2381"},{"taxonomy":"product_tag","embeddable":true,"href":"https:\/\/novi.automatikapro.com\/en\/wp-json\/wp\/v2\/product_tag?post=2381"}],"curies":[{"name":"wp","href":"https:\/\/api.w.org\/{rel}","templated":true}]}}