{"id":2383,"date":"2022-12-01T23:26:42","date_gmt":"2022-12-01T23:26:42","guid":{"rendered":"https:\/\/automatikapro.com\/?post_type=product&#038;p=2383"},"modified":"2022-12-01T23:30:30","modified_gmt":"2022-12-01T23:30:30","slug":"2383","status":"publish","type":"product","link":"https:\/\/novi.automatikapro.com\/en\/product\/2383\/","title":{"rendered":"Vivax ACP-12CH35AEVI GOLD"},"content":{"rendered":"<p><strong>Pokriveni prostor:<\/strong> 30-50 m2<\/p>\n<p><strong>Tip ure\u0111aja:<\/strong> Inverter<\/p>\n<p><strong>Kapacitet hla\u0111enja:<\/strong>3,52 KW<\/p>\n<p><strong>Kapacitet grijanja:<\/strong> 3.81 KW<\/p>\n<p><strong>Energetska klasa grijanja:<\/strong> A+<\/p>\n<p><strong>Energetska klasa hla\u0111enja:<\/strong> A++<\/p>\n<p><strong>Dodatni benefiti:<\/strong>LED ekran, dust filtar, Isu\u0161iva\u010d preostale vlage, Pokretanje pri niskom naponu, Za\u0161tita ventila vanjske jedinice<\/p>\n<p><strong>Garancija:<\/strong> 3 godina<\/p>\n<p>&nbsp;<\/p>\n<p>&nbsp;<\/p>\n<p><img loading=\"lazy\" class=\"alignnone size-medium wp-image-2200\" src=\"https:\/\/automatikapro.com\/wp-content\/uploads\/2022\/11\/automatika-logo-2-300x52.png\" alt=\"\" width=\"300\" height=\"52\" srcset=\"https:\/\/novi.automatikapro.com\/wp-content\/uploads\/2022\/11\/automatika-logo-2-300x52.png 300w, https:\/\/novi.automatikapro.com\/wp-content\/uploads\/2022\/11\/automatika-logo-2-18x3.png 18w, https:\/\/novi.automatikapro.com\/wp-content\/uploads\/2022\/11\/automatika-logo-2.png 344w\" sizes=\"(max-width: 300px) 100vw, 300px\" \/><\/p>","protected":false},"excerpt":{"rendered":"<p>Pokriveni prostor: 30-50 m2 Tip ure\u0111aja: Inverter Kapacitet hla\u0111enja:3,52 KW Kapacitet grijanja: 3.81 KW Energetska klasa grijanja: A+ Energetska klasa hla\u0111enja: A++ Dodatni benefiti:LED ekran, dust filtar, Isu\u0161iva\u010d preostale vlage,&hellip;<\/p>","protected":false},"featured_media":2384,"template":"","meta":[],"product_cat":[91],"product_tag":[],"_links":{"self":[{"href":"https:\/\/novi.automatikapro.com\/en\/wp-json\/wp\/v2\/product\/2383"}],"collection":[{"href":"https:\/\/novi.automatikapro.com\/en\/wp-json\/wp\/v2\/product"}],"about":[{"href":"https:\/\/novi.automatikapro.com\/en\/wp-json\/wp\/v2\/types\/product"}],"wp:featuredmedia":[{"embeddable":true,"href":"https:\/\/novi.automatikapro.com\/en\/wp-json\/wp\/v2\/media\/2384"}],"wp:attachment":[{"href":"https:\/\/novi.automatikapro.com\/en\/wp-json\/wp\/v2\/media?parent=2383"}],"wp:term":[{"taxonomy":"product_cat","embeddable":true,"href":"https:\/\/novi.automatikapro.com\/en\/wp-json\/wp\/v2\/product_cat?post=2383"},{"taxonomy":"product_tag","embeddable":true,"href":"https:\/\/novi.automatikapro.com\/en\/wp-json\/wp\/v2\/product_tag?post=2383"}],"curies":[{"name":"wp","href":"https:\/\/api.w.org\/{rel}","templated":true}]}}